{"id":12,"date":"2024-03-05T15:12:47","date_gmt":"2024-03-05T14:12:47","guid":{"rendered":"https:\/\/www.gerald-vom-wirbelsturm.de\/?page_id=12"},"modified":"2024-03-06T14:52:41","modified_gmt":"2024-03-06T13:52:41","slug":"startseite","status":"publish","type":"page","link":"https:\/\/www.gerald-vom-wirbelsturm.de\/","title":{"rendered":"Unser &#8222;Dexter&#8220;"},"content":{"rendered":"\n<p>Gerald bekam beim Einzug den Rufnamen \u201eDexter\u201c.<\/p>\n\n\n\n<p>Wir konnten Dexter am 22.1.22 von seinen liebevollen Z\u00fcchtern (Monika und Anton) abholen. Es war ein toller Tag. Zu erleben wie der kleine Schatz die Welt und sein neues Heim erkundet war wirklich klasse. Er vertraute uns sehr schnell und hat die ersten Wochen mit uns zusammen das Haus, den Garten, den Wald und den Stra\u00dfenverkehr erkundet. <\/p>\n\n\n\n<p>Wir haben ihn w\u00e4hrend der Bauphase in unser Leben geholt und er zeigte uns mit seiner gelassenen Art wie aufmerksam und gleichzeitig chillig das Wesen des Hovawartes sein kann. F\u00fcr Ihn war der extreme Baul\u00e4rm, die vielen Handwerker und das Chaos \u00fcberhaupt kein Problem.  Er legte sich mitten ins Chaos und blieb einfach ganz entspannt &#8211; ein Traum!<\/p>\n\n\n\n<p>Er ist f\u00fcr uns und unseren Sohn ein Spielkumpel, Seelentr\u00f6ster und Freund geworden. Kurzum: ein fester und wichtiger Bestandteil unserer Familie.<\/p>\n\n\n\n<p>Wir k\u00f6nnen ihn \u00fcberall mit hin nehmen. Er geht auch mit ins B\u00fcro und ist dort ein &#8222;Vorzeigehund&#8220;! Ein B\u00fcrotag ist f\u00fcr Ihn deshalb so anstrengend, weil er st\u00e4ndig Leckerchen bekommt und sich streicheln lassen muss \ud83d\ude42<\/p>\n\n\n\n<p>In der Freizeit begleitet er uns \u00fcberall hin. Ob zum Joggen, Fahrradfahren, in \u00f6ffentlichen Verkehrsmitteln oder ins Restaurant. In jeder Situation zeigt er sich ruhig, aufgeschlossen und freundlich.<\/p>\n\n\n\n<p>Er bereichert unser Leben t\u00e4glich! Auch wenn er manchmal den \u201eMittelfingerBlick\u201c aufsetzt und seinen Dickkopf hat ist er einfach nur zum knuddeln und liebhaben.<\/p>\n","protected":false},"excerpt":{"rendered":"<p>Gerald bekam beim Einzug den Rufnamen \u201eDexter\u201c. Wir konnten Dexter am 22.1.22 von seinen liebevollen Z\u00fcchtern (Monika und Anton) abholen. Es war ein toller Tag. Zu erleben wie der kleine Schatz die Welt und sein neues Heim erkundet war wirklich klasse. Er vertraute uns sehr schnell und hat die ersten Wochen mit uns zusammen das &hellip; <\/p>\n<p class=\"link-more\"><a href=\"https:\/\/www.gerald-vom-wirbelsturm.de\/\" class=\"more-link\"><span class=\"screen-reader-text\">\u201eUnser &#8222;Dexter&#8220;\u201c<\/span> weiterlesen<\/a><\/p>\n","protected":false},"author":1,"featured_media":81,"parent":0,"menu_order":0,"comment_status":"closed","ping_status":"closed","template":"","meta":{"footnotes":""},"class_list":["post-12","page","type-page","status-publish","has-post-thumbnail","hentry"],"_links":{"self":[{"href":"https:\/\/www.gerald-vom-wirbelsturm.de\/index.php?rest_route=\/wp\/v2\/pages\/12","targetHints":{"allow":["GET"]}}],"collection":[{"href":"https:\/\/www.gerald-vom-wirbelsturm.de\/index.php?rest_route=\/wp\/v2\/pages"}],"about":[{"href":"https:\/\/www.gerald-vom-wirbelsturm.de\/index.php?rest_route=\/wp\/v2\/types\/page"}],"author":[{"embeddable":true,"href":"https:\/\/www.gerald-vom-wirbelsturm.de\/index.php?rest_route=\/wp\/v2\/users\/1"}],"replies":[{"embeddable":true,"href":"https:\/\/www.gerald-vom-wirbelsturm.de\/index.php?rest_route=%2Fwp%2Fv2%2Fcomments&post=12"}],"version-history":[{"count":9,"href":"https:\/\/www.gerald-vom-wirbelsturm.de\/index.php?rest_route=\/wp\/v2\/pages\/12\/revisions"}],"predecessor-version":[{"id":200,"href":"https:\/\/www.gerald-vom-wirbelsturm.de\/index.php?rest_route=\/wp\/v2\/pages\/12\/revisions\/200"}],"wp:featuredmedia":[{"embeddable":true,"href":"https:\/\/www.gerald-vom-wirbelsturm.de\/index.php?rest_route=\/wp\/v2\/media\/81"}],"wp:attachment":[{"href":"https:\/\/www.gerald-vom-wirbelsturm.de\/index.php?rest_route=%2Fwp%2Fv2%2Fmedia&parent=12"}],"curies":[{"name":"wp","href":"https:\/\/api.w.org\/{rel}","templated":true}]}}