{"id":297,"date":"2025-09-18T10:30:08","date_gmt":"2025-09-18T08:30:08","guid":{"rendered":"https:\/\/www.gerald-vom-wirbelsturm.de\/?page_id=297"},"modified":"2026-01-07T14:58:50","modified_gmt":"2026-01-07T13:58:50","slug":"dexters-2-deck-akt","status":"publish","type":"page","link":"https:\/\/www.gerald-vom-wirbelsturm.de\/?page_id=297","title":{"rendered":"Dexters 2. Deck-Akt"},"content":{"rendered":"\n<p>Die H\u00fcndin: Iona vom Kreuzberger Hof<\/p>\n\n\n\n<figure class=\"wp-block-image size-large\"><a href=\"https:\/\/kreuzbergerhof.de\/\"><img loading=\"lazy\" decoding=\"async\" width=\"1024\" height=\"685\" src=\"https:\/\/www.gerald-vom-wirbelsturm.de\/wp-content\/uploads\/2025\/09\/Iona-KreuzbergerHof-1024x685.jpg\" alt=\"\" class=\"wp-image-313\" srcset=\"https:\/\/www.gerald-vom-wirbelsturm.de\/wp-content\/uploads\/2025\/09\/Iona-KreuzbergerHof-1024x685.jpg 1024w, https:\/\/www.gerald-vom-wirbelsturm.de\/wp-content\/uploads\/2025\/09\/Iona-KreuzbergerHof-300x201.jpg 300w, https:\/\/www.gerald-vom-wirbelsturm.de\/wp-content\/uploads\/2025\/09\/Iona-KreuzbergerHof-768x514.jpg 768w, https:\/\/www.gerald-vom-wirbelsturm.de\/wp-content\/uploads\/2025\/09\/Iona-KreuzbergerHof-1536x1027.jpg 1536w, https:\/\/www.gerald-vom-wirbelsturm.de\/wp-content\/uploads\/2025\/09\/Iona-KreuzbergerHof-2048x1370.jpg 2048w\" sizes=\"auto, (max-width: 767px) 89vw, (max-width: 1000px) 54vw, (max-width: 1071px) 543px, 580px\" \/><\/a><\/figure>\n\n\n\n<p><\/p>\n\n\n\n<p class=\"has-text-align-center\">Am 14.09.2025 erfolgte der Deckakt der beiden. Sie waren sehr harmonisch miteinander und wir hoffen es tr\u00e4gt Fr\u00fcchte \ud83d\ude42<\/p>\n\n\n\n<div class=\"wp-block-columns are-vertically-aligned-center is-layout-flex wp-container-core-columns-is-layout-9d6595d7 wp-block-columns-is-layout-flex\">\n<div class=\"wp-block-column is-vertically-aligned-center is-layout-flow wp-block-column-is-layout-flow\" style=\"flex-basis:100%\">\n<figure class=\"wp-block-gallery has-nested-images columns-default is-cropped wp-block-gallery-1 is-layout-flex wp-block-gallery-is-layout-flex\">\n<figure class=\"wp-block-image size-large\"><img loading=\"lazy\" decoding=\"async\" width=\"1024\" height=\"768\" data-id=\"310\" src=\"https:\/\/www.gerald-vom-wirbelsturm.de\/wp-content\/uploads\/2025\/09\/IMG_3693-1024x768.jpg\" alt=\"\" class=\"wp-image-310\" srcset=\"https:\/\/www.gerald-vom-wirbelsturm.de\/wp-content\/uploads\/2025\/09\/IMG_3693-1024x768.jpg 1024w, https:\/\/www.gerald-vom-wirbelsturm.de\/wp-content\/uploads\/2025\/09\/IMG_3693-300x225.jpg 300w, https:\/\/www.gerald-vom-wirbelsturm.de\/wp-content\/uploads\/2025\/09\/IMG_3693-768x576.jpg 768w, https:\/\/www.gerald-vom-wirbelsturm.de\/wp-content\/uploads\/2025\/09\/IMG_3693-1536x1152.jpg 1536w, https:\/\/www.gerald-vom-wirbelsturm.de\/wp-content\/uploads\/2025\/09\/IMG_3693-2048x1536.jpg 2048w\" sizes=\"auto, (max-width: 767px) 89vw, (max-width: 1000px) 54vw, (max-width: 1071px) 543px, 580px\" \/><\/figure>\n\n\n\n<figure class=\"wp-block-image size-large is-style-default\"><img loading=\"lazy\" decoding=\"async\" width=\"1024\" height=\"768\" data-id=\"309\" src=\"https:\/\/www.gerald-vom-wirbelsturm.de\/wp-content\/uploads\/2025\/09\/IMG_3699-1024x768.jpg\" alt=\"\" class=\"wp-image-309\" srcset=\"https:\/\/www.gerald-vom-wirbelsturm.de\/wp-content\/uploads\/2025\/09\/IMG_3699-1024x768.jpg 1024w, https:\/\/www.gerald-vom-wirbelsturm.de\/wp-content\/uploads\/2025\/09\/IMG_3699-300x225.jpg 300w, https:\/\/www.gerald-vom-wirbelsturm.de\/wp-content\/uploads\/2025\/09\/IMG_3699-768x576.jpg 768w, https:\/\/www.gerald-vom-wirbelsturm.de\/wp-content\/uploads\/2025\/09\/IMG_3699-1536x1152.jpg 1536w, https:\/\/www.gerald-vom-wirbelsturm.de\/wp-content\/uploads\/2025\/09\/IMG_3699-2048x1536.jpg 2048w\" sizes=\"auto, (max-width: 767px) 89vw, (max-width: 1000px) 54vw, (max-width: 1071px) 543px, 580px\" \/><\/figure>\n<\/figure>\n\n\n\n<p>Am Welthundetag 2025 (10.10.) ergab der Ultraschall bei Iona:<\/p>\n<\/div>\n<\/div>\n\n\n\n<figure class=\"wp-block-gallery has-nested-images columns-default is-cropped wp-block-gallery-2 is-layout-flex wp-block-gallery-is-layout-flex\">\n<figure class=\"wp-block-image size-large\"><img loading=\"lazy\" decoding=\"async\" width=\"1024\" height=\"1024\" data-id=\"316\" src=\"https:\/\/www.gerald-vom-wirbelsturm.de\/wp-content\/uploads\/2025\/10\/2.x-Papa-1024x1024.jpeg\" alt=\"\" class=\"wp-image-316\" srcset=\"https:\/\/www.gerald-vom-wirbelsturm.de\/wp-content\/uploads\/2025\/10\/2.x-Papa-1024x1024.jpeg 1024w, https:\/\/www.gerald-vom-wirbelsturm.de\/wp-content\/uploads\/2025\/10\/2.x-Papa-300x300.jpeg 300w, https:\/\/www.gerald-vom-wirbelsturm.de\/wp-content\/uploads\/2025\/10\/2.x-Papa-150x150.jpeg 150w, https:\/\/www.gerald-vom-wirbelsturm.de\/wp-content\/uploads\/2025\/10\/2.x-Papa-768x768.jpeg 768w, https:\/\/www.gerald-vom-wirbelsturm.de\/wp-content\/uploads\/2025\/10\/2.x-Papa-1536x1536.jpeg 1536w, https:\/\/www.gerald-vom-wirbelsturm.de\/wp-content\/uploads\/2025\/10\/2.x-Papa-100x100.jpeg 100w, https:\/\/www.gerald-vom-wirbelsturm.de\/wp-content\/uploads\/2025\/10\/2.x-Papa.jpeg 2048w\" sizes=\"auto, (max-width: 767px) 89vw, (max-width: 1000px) 54vw, (max-width: 1071px) 543px, 580px\" \/><\/figure>\n<\/figure>\n\n\n\n<p>Wir w\u00fcnschen der Mama eine gute Rest-Tragezeit und freuen uns auf Welpen um den 15.11.2025 \ud83d\ude42<\/p>\n\n\n\n<p>Am 13.11.2025 hat Iona 11 gesunde Welpen auf die Welt gebracht!<br>Wir freuen uns \u00fcber 6 s\/m R\u00fcden und 5 s\/m H\u00fcndinnen \ud83d\ude42<\/p>\n\n\n\n<figure class=\"wp-block-image size-large\"><img loading=\"lazy\" decoding=\"async\" width=\"1024\" height=\"768\" src=\"https:\/\/www.gerald-vom-wirbelsturm.de\/wp-content\/uploads\/2025\/11\/Dexters_2.Wurf-1.-Tag-1024x768.jpg\" alt=\"\" class=\"wp-image-319\" srcset=\"https:\/\/www.gerald-vom-wirbelsturm.de\/wp-content\/uploads\/2025\/11\/Dexters_2.Wurf-1.-Tag-1024x768.jpg 1024w, https:\/\/www.gerald-vom-wirbelsturm.de\/wp-content\/uploads\/2025\/11\/Dexters_2.Wurf-1.-Tag-300x225.jpg 300w, https:\/\/www.gerald-vom-wirbelsturm.de\/wp-content\/uploads\/2025\/11\/Dexters_2.Wurf-1.-Tag-768x576.jpg 768w, https:\/\/www.gerald-vom-wirbelsturm.de\/wp-content\/uploads\/2025\/11\/Dexters_2.Wurf-1.-Tag-1536x1152.jpg 1536w, https:\/\/www.gerald-vom-wirbelsturm.de\/wp-content\/uploads\/2025\/11\/Dexters_2.Wurf-1.-Tag-2048x1536.jpg 2048w\" sizes=\"auto, (max-width: 767px) 89vw, (max-width: 1000px) 54vw, (max-width: 1071px) 543px, 580px\" \/><\/figure>\n\n\n\n<p>Am 06.01.2026 durften wir Mama und Welpen besuchen und Dexter hatte die Chance all seine Welpen pers\u00f6nlich zu beschnuppern.<br>Es war wirklich auch f\u00fcr uns ein ganz toller Tag und wir w\u00fcnschen allen Welpen f\u00fcr die Zukunft in Ihren Familien alles alles Gute!<\/p>\n\n\n\n<figure class=\"wp-block-image size-large\"><img loading=\"lazy\" decoding=\"async\" width=\"769\" height=\"1024\" src=\"https:\/\/www.gerald-vom-wirbelsturm.de\/wp-content\/uploads\/2026\/01\/Dexters_2.Wurf-Familienbild-1-769x1024.jpg\" alt=\"\" class=\"wp-image-327\" srcset=\"https:\/\/www.gerald-vom-wirbelsturm.de\/wp-content\/uploads\/2026\/01\/Dexters_2.Wurf-Familienbild-1-769x1024.jpg 769w, https:\/\/www.gerald-vom-wirbelsturm.de\/wp-content\/uploads\/2026\/01\/Dexters_2.Wurf-Familienbild-1-225x300.jpg 225w, https:\/\/www.gerald-vom-wirbelsturm.de\/wp-content\/uploads\/2026\/01\/Dexters_2.Wurf-Familienbild-1-768x1023.jpg 768w, https:\/\/www.gerald-vom-wirbelsturm.de\/wp-content\/uploads\/2026\/01\/Dexters_2.Wurf-Familienbild-1-1153x1536.jpg 1153w, https:\/\/www.gerald-vom-wirbelsturm.de\/wp-content\/uploads\/2026\/01\/Dexters_2.Wurf-Familienbild-1-1538x2048.jpg 1538w, https:\/\/www.gerald-vom-wirbelsturm.de\/wp-content\/uploads\/2026\/01\/Dexters_2.Wurf-Familienbild-1-scaled.jpg 1922w\" sizes=\"auto, (max-width: 767px) 89vw, (max-width: 1000px) 54vw, (max-width: 1071px) 543px, 580px\" \/><\/figure>\n","protected":false},"excerpt":{"rendered":"<p>Die H\u00fcndin: Iona vom Kreuzberger Hof Am 14.09.2025 erfolgte der Deckakt der beiden. Sie waren sehr harmonisch miteinander und wir hoffen es tr\u00e4gt Fr\u00fcchte \ud83d\ude42 Am Welthundetag 2025 (10.10.) ergab der Ultraschall bei Iona: Wir w\u00fcnschen der Mama eine gute Rest-Tragezeit und freuen uns auf Welpen um den 15.11.2025 \ud83d\ude42 Am 13.11.2025 hat Iona 11 &hellip; <\/p>\n<p class=\"link-more\"><a href=\"https:\/\/www.gerald-vom-wirbelsturm.de\/?page_id=297\" class=\"more-link\"><span class=\"screen-reader-text\">\u201eDexters 2. Deck-Akt\u201c<\/span> weiterlesen<\/a><\/p>\n","protected":false},"author":1,"featured_media":0,"parent":0,"menu_order":0,"comment_status":"closed","ping_status":"closed","template":"","meta":{"footnotes":""},"class_list":["post-297","page","type-page","status-publish","hentry"],"_links":{"self":[{"href":"https:\/\/www.gerald-vom-wirbelsturm.de\/index.php?rest_route=\/wp\/v2\/pages\/297","targetHints":{"allow":["GET"]}}],"collection":[{"href":"https:\/\/www.gerald-vom-wirbelsturm.de\/index.php?rest_route=\/wp\/v2\/pages"}],"about":[{"href":"https:\/\/www.gerald-vom-wirbelsturm.de\/index.php?rest_route=\/wp\/v2\/types\/page"}],"author":[{"embeddable":true,"href":"https:\/\/www.gerald-vom-wirbelsturm.de\/index.php?rest_route=\/wp\/v2\/users\/1"}],"replies":[{"embeddable":true,"href":"https:\/\/www.gerald-vom-wirbelsturm.de\/index.php?rest_route=%2Fwp%2Fv2%2Fcomments&post=297"}],"version-history":[{"count":14,"href":"https:\/\/www.gerald-vom-wirbelsturm.de\/index.php?rest_route=\/wp\/v2\/pages\/297\/revisions"}],"predecessor-version":[{"id":328,"href":"https:\/\/www.gerald-vom-wirbelsturm.de\/index.php?rest_route=\/wp\/v2\/pages\/297\/revisions\/328"}],"wp:attachment":[{"href":"https:\/\/www.gerald-vom-wirbelsturm.de\/index.php?rest_route=%2Fwp%2Fv2%2Fmedia&parent=297"}],"curies":[{"name":"wp","href":"https:\/\/api.w.org\/{rel}","templated":true}]}}